{"id":1568,"date":"2025-03-05T17:32:49","date_gmt":"2025-03-05T16:32:49","guid":{"rendered":"https:\/\/www.menaboh.com\/?post_type=product&#038;p=1568"},"modified":"2025-03-25T21:27:37","modified_gmt":"2025-03-25T20:27:37","slug":"menaboh-x-the-social-hub","status":"publish","type":"product","link":"https:\/\/www.menaboh.com\/en\/product-2\/menaboh-x-the-social-hub\/","title":{"rendered":"Menab\u00f2h X The Social Hub Lavagnini"},"content":{"rendered":"<p data-pm-slice=\"1 1 []\"><strong>MENAB\u00d2H X THE SOCIAL HUB LAVAGNINI: THE FASHION REVOLUTION<\/strong><\/p>\n<p>Are you ready to transform your wardrobe into a tribute to creativity and sustainability? Menab\u00f2h and The Social Hub Lavagnini invite you to an exclusive event where fashion and innovation come together to give new life to your garments.<\/p>\n<p class=\"translation-block\"><strong>WHERE:<\/strong> The Social Hub Lavagnini, Florence \u2013 the meeting point for creative and visionary minds, perfect for discovering the power of upcycling.<\/p>\n<p class=\"translation-block\"><strong>WHEN:<\/strong> March 22, from 4:30 PM to 8:00 PM<\/p>\n<p class=\"translation-block\"><b>Do you have a garment sitting in your closet? It\u2019s time to transform it.<\/b><br>\nMenab\u00f2h invites everyone to discover upcycling: the art of turning unused clothes into cool, personalized pieces. Choose a garment from your wardrobe that you no longer wear and bring it to The Social Hub Lavagnini to give it a new life!<\/p>\n<p class=\"translation-block\"><strong>HOW DOES IT WORK?<\/strong><br>\n\u2013 Bring a garment to transform<br>\n\u2013 Consult with our designers to create a personalized style proposal<br>\n\u2013 Hand over your garment and let upcycling work its magic<br>\n\u2013 Receive your reinvented piece: it can be shipped to your chosen pick-up point or collected directly at The Social Hub Lavagnini<\/p>\n<p class=\"translation-block\"><strong>SHOWCASE &amp; DJ SET:<\/strong> Meet our designers, discover how fashion can shape the future, and get inspired by the art of upcycling. End the evening with an aperitif and a DJ set for a stylish and fun-filled night!<\/p>\n<p>&nbsp;<\/p>\n<p>Participation in the event is free \u2013 with prior registration \u2013 and you\u2019ll also receive small giveaways.<\/p>\n<p class=\"translation-block\"><strong>LIMITED SPOTS AVAILABLE!<\/strong> Don't miss the chance to reinvent your style and contribute to a more responsible fashion industry. Book now and remember to <strong>bring the garment you want to transform<\/strong><\/p>","protected":false},"excerpt":{"rendered":"<p>Social Hub Lavagnini and Menab\u00f2h present an exclusive showcase dedicated to responsible fashion, offering a creative upcycling experience to define a new concept of style.<\/p>\n<p>During the event, participants can bring one of their garments to Menab\u00f2h's designers, who will transform it into a unique, tailor-made piece.<\/p>\n<p class=\"translation-block\"><strong>HOW DOES IT WORK?<\/strong><br>\n\u2013 Bring a garment you want to transform<br>\n\u2013 Receive a personalized consultation<br>\n\u2013 Leave your garment with us, and we\u2019ll turn it into a unique piece, made just for you!<br>\n\u2013 Your transformed garment will be ready to wear again.<\/p>\n<p class=\"translation-block\">Afterwards, enjoy an aperitif at the rooftop bar for a convivial moment.<br>\n<strong>The future of fashion is here: make it unique, make it yours.<\/strong><\/p>","protected":false},"featured_media":1873,"template":"","meta":{"_acf_changed":false},"product_brand":[],"product_cat":[48],"product_tag":[],"giftcard-category":[],"class_list":{"0":"post-1568","1":"product","2":"type-product","3":"status-publish","4":"has-post-thumbnail","6":"product_cat-eventi","7":"entry","9":"first","10":"outofstock","11":"virtual","12":"taxable","13":"purchasable","14":"product-type-simple"},"acf":[],"yoast_head":"<!-- This site is optimized with the Yoast SEO plugin v27.4 - https:\/\/yoast.com\/product\/yoast-seo-wordpress\/ -->\n<title>Menab\u00f2h X The Social Hub Lavagnini - Menaboh<\/title>\n<meta name=\"robots\" content=\"index, follow, max-snippet:-1, max-image-preview:large, max-video-preview:-1\" \/>\n<link rel=\"canonical\" href=\"https:\/\/www.menaboh.com\/en\/product-2\/menaboh-x-the-social-hub\/\" \/>\n<meta property=\"og:locale\" content=\"en_GB\" \/>\n<meta property=\"og:type\" content=\"article\" \/>\n<meta property=\"og:title\" content=\"Menab\u00f2h X The Social Hub Lavagnini - Menaboh\" \/>\n<meta property=\"og:description\" content=\"The Social Hub Lavagnini e Menab\u00f2h presentano un esclusivo showcase dedicato alla moda responsabile, offrendo un\u2019esperienza creativa di upcycling per definire un nuovo concetto di moda.  Durante l\u2019evento, i partecipanti potranno affidare un loro capo d\u2019abbigliamento alle designer di Menab\u00f2h, che lo trasformeranno in un pezzo unico e pensato su misura.  COME FUNZIONA? \u2013 Porta un capo che vuoi trasformare \u2013 Ricevi una consulenza personalizzata \u2013 Lascia il capo a noi e lo trasformeremo in un pezzo unico, fatto apposta per te! \u2013 Il tuo capo reinventato sar\u00e0 pronto per essere indossato ancora.  A seguire, un aperitivo sul rooftop bar per vivere un momento di convivialit\u00e0. Il futuro della moda \u00e8 qui: rendilo unico, rendilo tuo.\" \/>\n<meta property=\"og:url\" content=\"https:\/\/www.menaboh.com\/en\/product-2\/menaboh-x-the-social-hub\/\" \/>\n<meta property=\"og:site_name\" content=\"Menaboh\" \/>\n<meta property=\"article:modified_time\" content=\"2025-03-25T20:27:37+00:00\" \/>\n<meta property=\"og:image\" content=\"https:\/\/www.menaboh.com\/wp-content\/uploads\/2025\/03\/Past-events-website.png\" \/>\n\t<meta property=\"og:image:width\" content=\"1080\" \/>\n\t<meta property=\"og:image:height\" content=\"1350\" \/>\n\t<meta property=\"og:image:type\" content=\"image\/png\" \/>\n<meta name=\"twitter:card\" content=\"summary_large_image\" \/>\n<meta name=\"twitter:label1\" content=\"Estimated reading time\" \/>\n\t<meta name=\"twitter:data1\" content=\"2 minutes\" \/>\n<script type=\"application\/ld+json\" class=\"yoast-schema-graph\">{\"@context\":\"https:\\\/\\\/schema.org\",\"@graph\":[{\"@type\":\"WebPage\",\"@id\":\"https:\\\/\\\/www.menaboh.com\\\/prodotto\\\/menaboh-x-the-social-hub\\\/\",\"url\":\"https:\\\/\\\/www.menaboh.com\\\/prodotto\\\/menaboh-x-the-social-hub\\\/\",\"name\":\"Menab\u00f2h X The Social Hub Lavagnini - Menaboh\",\"isPartOf\":{\"@id\":\"https:\\\/\\\/www.menaboh.com\\\/#website\"},\"primaryImageOfPage\":{\"@id\":\"https:\\\/\\\/www.menaboh.com\\\/prodotto\\\/menaboh-x-the-social-hub\\\/#primaryimage\"},\"image\":{\"@id\":\"https:\\\/\\\/www.menaboh.com\\\/prodotto\\\/menaboh-x-the-social-hub\\\/#primaryimage\"},\"thumbnailUrl\":\"https:\\\/\\\/www.menaboh.com\\\/wp-content\\\/uploads\\\/2025\\\/03\\\/Past-events-website.png\",\"datePublished\":\"2025-03-05T16:32:49+00:00\",\"dateModified\":\"2025-03-25T20:27:37+00:00\",\"breadcrumb\":{\"@id\":\"https:\\\/\\\/www.menaboh.com\\\/prodotto\\\/menaboh-x-the-social-hub\\\/#breadcrumb\"},\"inLanguage\":\"en-GB\",\"potentialAction\":[{\"@type\":\"ReadAction\",\"target\":[\"https:\\\/\\\/www.menaboh.com\\\/prodotto\\\/menaboh-x-the-social-hub\\\/\"]}]},{\"@type\":\"ImageObject\",\"inLanguage\":\"en-GB\",\"@id\":\"https:\\\/\\\/www.menaboh.com\\\/prodotto\\\/menaboh-x-the-social-hub\\\/#primaryimage\",\"url\":\"https:\\\/\\\/www.menaboh.com\\\/wp-content\\\/uploads\\\/2025\\\/03\\\/Past-events-website.png\",\"contentUrl\":\"https:\\\/\\\/www.menaboh.com\\\/wp-content\\\/uploads\\\/2025\\\/03\\\/Past-events-website.png\",\"width\":1080,\"height\":1350},{\"@type\":\"BreadcrumbList\",\"@id\":\"https:\\\/\\\/www.menaboh.com\\\/prodotto\\\/menaboh-x-the-social-hub\\\/#breadcrumb\",\"itemListElement\":[{\"@type\":\"ListItem\",\"position\":1,\"name\":\"Home\",\"item\":\"https:\\\/\\\/www.menaboh.com\\\/\"},{\"@type\":\"ListItem\",\"position\":2,\"name\":\"Prodotti\",\"item\":\"https:\\\/\\\/www.menaboh.com\\\/negozio\\\/\"},{\"@type\":\"ListItem\",\"position\":3,\"name\":\"Menab\u00f2h X The Social Hub Lavagnini\"}]},{\"@type\":\"WebSite\",\"@id\":\"https:\\\/\\\/www.menaboh.com\\\/#website\",\"url\":\"https:\\\/\\\/www.menaboh.com\\\/\",\"name\":\"Menaboh\",\"description\":\"\",\"potentialAction\":[{\"@type\":\"SearchAction\",\"target\":{\"@type\":\"EntryPoint\",\"urlTemplate\":\"https:\\\/\\\/www.menaboh.com\\\/?s={search_term_string}\"},\"query-input\":{\"@type\":\"PropertyValueSpecification\",\"valueRequired\":true,\"valueName\":\"search_term_string\"}}],\"inLanguage\":\"en-GB\"}]}<\/script>\n<!-- \/ Yoast SEO plugin. -->","yoast_head_json":{"title":"Menab\u00f2h X The Social Hub Lavagnini - Menaboh","robots":{"index":"index","follow":"follow","max-snippet":"max-snippet:-1","max-image-preview":"max-image-preview:large","max-video-preview":"max-video-preview:-1"},"canonical":"https:\/\/www.menaboh.com\/en\/product-2\/menaboh-x-the-social-hub\/","og_locale":"en_GB","og_type":"article","og_title":"Menab\u00f2h X The Social Hub Lavagnini - Menaboh","og_description":"The Social Hub Lavagnini e Menab\u00f2h presentano un esclusivo showcase dedicato alla moda responsabile, offrendo un\u2019esperienza creativa di upcycling per definire un nuovo concetto di moda.  Durante l\u2019evento, i partecipanti potranno affidare un loro capo d\u2019abbigliamento alle designer di Menab\u00f2h, che lo trasformeranno in un pezzo unico e pensato su misura.  COME FUNZIONA? \u2013 Porta un capo che vuoi trasformare \u2013 Ricevi una consulenza personalizzata \u2013 Lascia il capo a noi e lo trasformeremo in un pezzo unico, fatto apposta per te! \u2013 Il tuo capo reinventato sar\u00e0 pronto per essere indossato ancora.  A seguire, un aperitivo sul rooftop bar per vivere un momento di convivialit\u00e0. Il futuro della moda \u00e8 qui: rendilo unico, rendilo tuo.","og_url":"https:\/\/www.menaboh.com\/en\/product-2\/menaboh-x-the-social-hub\/","og_site_name":"Menaboh","article_modified_time":"2025-03-25T20:27:37+00:00","og_image":[{"width":1080,"height":1350,"url":"https:\/\/www.menaboh.com\/wp-content\/uploads\/2025\/03\/Past-events-website.png","type":"image\/png"}],"twitter_card":"summary_large_image","twitter_misc":{"Estimated reading time":"2 minutes"},"schema":{"@context":"https:\/\/schema.org","@graph":[{"@type":"WebPage","@id":"https:\/\/www.menaboh.com\/prodotto\/menaboh-x-the-social-hub\/","url":"https:\/\/www.menaboh.com\/prodotto\/menaboh-x-the-social-hub\/","name":"Menab\u00f2h X The Social Hub Lavagnini - Menaboh","isPartOf":{"@id":"https:\/\/www.menaboh.com\/#website"},"primaryImageOfPage":{"@id":"https:\/\/www.menaboh.com\/prodotto\/menaboh-x-the-social-hub\/#primaryimage"},"image":{"@id":"https:\/\/www.menaboh.com\/prodotto\/menaboh-x-the-social-hub\/#primaryimage"},"thumbnailUrl":"https:\/\/www.menaboh.com\/wp-content\/uploads\/2025\/03\/Past-events-website.png","datePublished":"2025-03-05T16:32:49+00:00","dateModified":"2025-03-25T20:27:37+00:00","breadcrumb":{"@id":"https:\/\/www.menaboh.com\/prodotto\/menaboh-x-the-social-hub\/#breadcrumb"},"inLanguage":"en-GB","potentialAction":[{"@type":"ReadAction","target":["https:\/\/www.menaboh.com\/prodotto\/menaboh-x-the-social-hub\/"]}]},{"@type":"ImageObject","inLanguage":"en-GB","@id":"https:\/\/www.menaboh.com\/prodotto\/menaboh-x-the-social-hub\/#primaryimage","url":"https:\/\/www.menaboh.com\/wp-content\/uploads\/2025\/03\/Past-events-website.png","contentUrl":"https:\/\/www.menaboh.com\/wp-content\/uploads\/2025\/03\/Past-events-website.png","width":1080,"height":1350},{"@type":"BreadcrumbList","@id":"https:\/\/www.menaboh.com\/prodotto\/menaboh-x-the-social-hub\/#breadcrumb","itemListElement":[{"@type":"ListItem","position":1,"name":"Home","item":"https:\/\/www.menaboh.com\/"},{"@type":"ListItem","position":2,"name":"Prodotti","item":"https:\/\/www.menaboh.com\/negozio\/"},{"@type":"ListItem","position":3,"name":"Menab\u00f2h X The Social Hub Lavagnini"}]},{"@type":"WebSite","@id":"https:\/\/www.menaboh.com\/#website","url":"https:\/\/www.menaboh.com\/","name":"Menaboh","description":"","potentialAction":[{"@type":"SearchAction","target":{"@type":"EntryPoint","urlTemplate":"https:\/\/www.menaboh.com\/?s={search_term_string}"},"query-input":{"@type":"PropertyValueSpecification","valueRequired":true,"valueName":"search_term_string"}}],"inLanguage":"en-GB"}]}},"_links":{"self":[{"href":"https:\/\/www.menaboh.com\/en\/wp-json\/wp\/v2\/product\/1568","targetHints":{"allow":["GET"]}}],"collection":[{"href":"https:\/\/www.menaboh.com\/en\/wp-json\/wp\/v2\/product"}],"about":[{"href":"https:\/\/www.menaboh.com\/en\/wp-json\/wp\/v2\/types\/product"}],"wp:featuredmedia":[{"embeddable":true,"href":"https:\/\/www.menaboh.com\/en\/wp-json\/wp\/v2\/media\/1873"}],"wp:attachment":[{"href":"https:\/\/www.menaboh.com\/en\/wp-json\/wp\/v2\/media?parent=1568"}],"wp:term":[{"taxonomy":"product_brand","embeddable":true,"href":"https:\/\/www.menaboh.com\/en\/wp-json\/wp\/v2\/product_brand?post=1568"},{"taxonomy":"product_cat","embeddable":true,"href":"https:\/\/www.menaboh.com\/en\/wp-json\/wp\/v2\/product_cat?post=1568"},{"taxonomy":"product_tag","embeddable":true,"href":"https:\/\/www.menaboh.com\/en\/wp-json\/wp\/v2\/product_tag?post=1568"},{"taxonomy":"giftcard-category","embeddable":true,"href":"https:\/\/www.menaboh.com\/en\/wp-json\/wp\/v2\/giftcard-category?post=1568"}],"curies":[{"name":"wp","href":"https:\/\/api.w.org\/{rel}","templated":true}]}}