{"id":1631,"date":"2025-03-14T09:48:37","date_gmt":"2025-03-14T08:48:37","guid":{"rendered":"https:\/\/www.menaboh.com\/?post_type=product&#038;p=1631"},"modified":"2025-04-14T11:34:28","modified_gmt":"2025-04-14T09:34:28","slug":"menaboh-x-thisisbibo","status":"publish","type":"product","link":"https:\/\/www.menaboh.com\/en\/product-2\/menaboh-x-thisisbibo\/","title":{"rendered":"Menab\u00f2h x bibo"},"content":{"rendered":"","protected":false},"excerpt":{"rendered":"<p><strong>Menab\u00f2h x bibo: Wine &amp; Upcycling<\/strong><\/p>\n<p>Il <strong>12\u00a0Aprile dalle 18:30 alle 20:30<\/strong>, porta un capo che non indossi pi\u00f9 e scopri come trasformarlo in pezzi unici, fatti su misura per te!<\/p>\n<p><strong>WHERE?<br \/>\nbibo<\/strong>: lo spazio dinamico dove l&#8217;arte del vino e della musica si fondono in un ambiente giovane e ricco di energia.<!-- notionvc: 31324d34-70ff-45b4-95ae-d39c3c946735 --><\/p>\n<p><strong>WHEN?<br \/>\n12 Aprile dalle 18:30 alle 20:30<\/strong><\/p>\n<p>Hai nel tuo armadio qualcosa che non indossi pi\u00f9? \u00c8 il momento di trasformarlo! Le designer di <strong data-start=\"548\" data-end=\"559\">Menab\u00f2h<\/strong> trasformeranno il tuo capo in qualcosa di unico e fatto su misura.<\/p>\n<p><strong>HOW DOES IT WORK?<br \/>\n<\/strong>1. Porta un capo che vuoi reinventare<br data-start=\"806\" data-end=\"809\" \/>2. Vivi un\u2019esperienza di upcycling personalizzata con le nostre designer<br data-start=\"883\" data-end=\"886\" data-is-only-node=\"\" \/>3. Scegli il prezzo e affida il tuo capo a noi<br \/>\n4. Lo riceverai trasformato direttamente da bibo o a casa tua<\/p>\n<p>Scopri i segreti dell&#8217;upcycling mentre ti godi un calice di <strong data-start=\"1090\" data-end=\"1107\">vino naturale<\/strong>\u00a0e l\u2019atmosfera vibrante di <strong data-start=\"1155\" data-end=\"1169\">bibo<\/strong>, il luogo dove le connessioni nascono in modo autentico e lo stile \u00e8 un linguaggio universale!<br \/>\n<!-- notionvc: 9a609d12-502f-4e1a-8a97-e89c3a468379 --><\/p>\n<p class=\"translation-block\"><strong>LIMITED FREE SPOTS<br>\n<\/strong>\nBook your ticket or contact Menab\u00f2h at +39 3351284851.<\/p>\n<p><strong>What are you waiting for? Celebrate reborn fashion, bring your garment, and give your style a new life!<\/strong><\/p>","protected":false},"featured_media":2040,"template":"","meta":{"_acf_changed":false},"product_brand":[],"product_cat":[48],"product_tag":[],"giftcard-category":[],"class_list":{"0":"post-1631","1":"product","2":"type-product","3":"status-publish","4":"has-post-thumbnail","6":"product_cat-eventi","7":"entry","9":"first","10":"instock","11":"virtual","12":"purchasable","13":"product-type-simple"},"acf":[],"yoast_head":"<!-- This site is optimized with the Yoast SEO plugin v27.4 - https:\/\/yoast.com\/product\/yoast-seo-wordpress\/ -->\n<title>Menab\u00f2h x bibo - Menaboh<\/title>\n<meta name=\"robots\" content=\"index, follow, max-snippet:-1, max-image-preview:large, max-video-preview:-1\" \/>\n<link rel=\"canonical\" href=\"https:\/\/www.menaboh.com\/en\/product-2\/menaboh-x-thisisbibo\/\" \/>\n<meta property=\"og:locale\" content=\"en_GB\" \/>\n<meta property=\"og:type\" content=\"article\" \/>\n<meta property=\"og:title\" content=\"Menab\u00f2h x bibo - Menaboh\" \/>\n<meta property=\"og:description\" content=\"Menab\u00f2h x bibo: Wine &amp; Upcycling  Il 12\u00a0Aprile dalle 18:30 alle 20:30, porta un capo che non indossi pi\u00f9 e scopri come trasformarlo in pezzi unici, fatti su misura per te!  DOVE? bibo: lo spazio dinamico dove l&#039;arte del vino e della musica si fondono in un ambiente giovane e ricco di energia.  QUANDO? 12 Aprile dalle 18:30 alle 20:30  Hai nel tuo armadio qualcosa che non indossi pi\u00f9? \u00c8 il momento di trasformarlo! Le designer di Menab\u00f2h trasformeranno il tuo capo in qualcosa di unico e fatto su misura.  COME FUNZIONA? 1. Porta un capo che vuoi reinventare2. Vivi un\u2019esperienza di upcycling personalizzata con le nostre designer3. Scegli il prezzo e affida il tuo capo a noi 4. Lo riceverai trasformato direttamente da bibo o a casa tua  Scopri i segreti dell&#039;upcycling mentre ti godi un calice di vino naturale\u00a0e l\u2019atmosfera vibrante di bibo, il luogo dove le connessioni nascono in modo autentico e lo stile \u00e8 un linguaggio universale!   POSTI LIMITATI GRATUITI Prenota il tuo biglietto o contatta Menab\u00f2h al numero +39 3351284851.  Cosa aspetti? Brinda alla moda che rinasce, porta il tuo capo e dai nuova vita al tuo stile!\" \/>\n<meta property=\"og:url\" content=\"https:\/\/www.menaboh.com\/en\/product-2\/menaboh-x-thisisbibo\/\" \/>\n<meta property=\"og:site_name\" content=\"Menaboh\" \/>\n<meta property=\"article:modified_time\" content=\"2025-04-14T09:34:28+00:00\" \/>\n<meta property=\"og:image\" content=\"https:\/\/www.menaboh.com\/wp-content\/uploads\/2025\/03\/1-6.png\" \/>\n\t<meta property=\"og:image:width\" content=\"1080\" \/>\n\t<meta property=\"og:image:height\" content=\"1350\" \/>\n\t<meta property=\"og:image:type\" content=\"image\/png\" \/>\n<meta name=\"twitter:card\" content=\"summary_large_image\" \/>\n<meta name=\"twitter:label1\" content=\"Estimated reading time\" \/>\n\t<meta name=\"twitter:data1\" content=\"1 minute\" \/>\n<script type=\"application\/ld+json\" class=\"yoast-schema-graph\">{\"@context\":\"https:\\\/\\\/schema.org\",\"@graph\":[{\"@type\":\"WebPage\",\"@id\":\"https:\\\/\\\/www.menaboh.com\\\/prodotto\\\/menaboh-x-thisisbibo\\\/\",\"url\":\"https:\\\/\\\/www.menaboh.com\\\/prodotto\\\/menaboh-x-thisisbibo\\\/\",\"name\":\"Menab\u00f2h x bibo - Menaboh\",\"isPartOf\":{\"@id\":\"https:\\\/\\\/www.menaboh.com\\\/#website\"},\"primaryImageOfPage\":{\"@id\":\"https:\\\/\\\/www.menaboh.com\\\/prodotto\\\/menaboh-x-thisisbibo\\\/#primaryimage\"},\"image\":{\"@id\":\"https:\\\/\\\/www.menaboh.com\\\/prodotto\\\/menaboh-x-thisisbibo\\\/#primaryimage\"},\"thumbnailUrl\":\"https:\\\/\\\/www.menaboh.com\\\/wp-content\\\/uploads\\\/2025\\\/03\\\/1-6.png\",\"datePublished\":\"2025-03-14T08:48:37+00:00\",\"dateModified\":\"2025-04-14T09:34:28+00:00\",\"breadcrumb\":{\"@id\":\"https:\\\/\\\/www.menaboh.com\\\/prodotto\\\/menaboh-x-thisisbibo\\\/#breadcrumb\"},\"inLanguage\":\"en-GB\",\"potentialAction\":[{\"@type\":\"ReadAction\",\"target\":[\"https:\\\/\\\/www.menaboh.com\\\/prodotto\\\/menaboh-x-thisisbibo\\\/\"]}]},{\"@type\":\"ImageObject\",\"inLanguage\":\"en-GB\",\"@id\":\"https:\\\/\\\/www.menaboh.com\\\/prodotto\\\/menaboh-x-thisisbibo\\\/#primaryimage\",\"url\":\"https:\\\/\\\/www.menaboh.com\\\/wp-content\\\/uploads\\\/2025\\\/03\\\/1-6.png\",\"contentUrl\":\"https:\\\/\\\/www.menaboh.com\\\/wp-content\\\/uploads\\\/2025\\\/03\\\/1-6.png\",\"width\":1080,\"height\":1350},{\"@type\":\"BreadcrumbList\",\"@id\":\"https:\\\/\\\/www.menaboh.com\\\/prodotto\\\/menaboh-x-thisisbibo\\\/#breadcrumb\",\"itemListElement\":[{\"@type\":\"ListItem\",\"position\":1,\"name\":\"Home\",\"item\":\"https:\\\/\\\/www.menaboh.com\\\/\"},{\"@type\":\"ListItem\",\"position\":2,\"name\":\"Prodotti\",\"item\":\"https:\\\/\\\/www.menaboh.com\\\/negozio\\\/\"},{\"@type\":\"ListItem\",\"position\":3,\"name\":\"Menab\u00f2h x bibo\"}]},{\"@type\":\"WebSite\",\"@id\":\"https:\\\/\\\/www.menaboh.com\\\/#website\",\"url\":\"https:\\\/\\\/www.menaboh.com\\\/\",\"name\":\"Menaboh\",\"description\":\"\",\"potentialAction\":[{\"@type\":\"SearchAction\",\"target\":{\"@type\":\"EntryPoint\",\"urlTemplate\":\"https:\\\/\\\/www.menaboh.com\\\/?s={search_term_string}\"},\"query-input\":{\"@type\":\"PropertyValueSpecification\",\"valueRequired\":true,\"valueName\":\"search_term_string\"}}],\"inLanguage\":\"en-GB\"}]}<\/script>\n<!-- \/ Yoast SEO plugin. -->","yoast_head_json":{"title":"Menab\u00f2h x bibo - Menaboh","robots":{"index":"index","follow":"follow","max-snippet":"max-snippet:-1","max-image-preview":"max-image-preview:large","max-video-preview":"max-video-preview:-1"},"canonical":"https:\/\/www.menaboh.com\/en\/product-2\/menaboh-x-thisisbibo\/","og_locale":"en_GB","og_type":"article","og_title":"Menab\u00f2h x bibo - Menaboh","og_description":"Menab\u00f2h x bibo: Wine &amp; Upcycling  Il 12\u00a0Aprile dalle 18:30 alle 20:30, porta un capo che non indossi pi\u00f9 e scopri come trasformarlo in pezzi unici, fatti su misura per te!  DOVE? bibo: lo spazio dinamico dove l'arte del vino e della musica si fondono in un ambiente giovane e ricco di energia.  QUANDO? 12 Aprile dalle 18:30 alle 20:30  Hai nel tuo armadio qualcosa che non indossi pi\u00f9? \u00c8 il momento di trasformarlo! Le designer di Menab\u00f2h trasformeranno il tuo capo in qualcosa di unico e fatto su misura.  COME FUNZIONA? 1. Porta un capo che vuoi reinventare2. Vivi un\u2019esperienza di upcycling personalizzata con le nostre designer3. Scegli il prezzo e affida il tuo capo a noi 4. Lo riceverai trasformato direttamente da bibo o a casa tua  Scopri i segreti dell'upcycling mentre ti godi un calice di vino naturale\u00a0e l\u2019atmosfera vibrante di bibo, il luogo dove le connessioni nascono in modo autentico e lo stile \u00e8 un linguaggio universale!   POSTI LIMITATI GRATUITI Prenota il tuo biglietto o contatta Menab\u00f2h al numero +39 3351284851.  Cosa aspetti? Brinda alla moda che rinasce, porta il tuo capo e dai nuova vita al tuo stile!","og_url":"https:\/\/www.menaboh.com\/en\/product-2\/menaboh-x-thisisbibo\/","og_site_name":"Menaboh","article_modified_time":"2025-04-14T09:34:28+00:00","og_image":[{"width":1080,"height":1350,"url":"https:\/\/www.menaboh.com\/wp-content\/uploads\/2025\/03\/1-6.png","type":"image\/png"}],"twitter_card":"summary_large_image","twitter_misc":{"Estimated reading time":"1 minute"},"schema":{"@context":"https:\/\/schema.org","@graph":[{"@type":"WebPage","@id":"https:\/\/www.menaboh.com\/prodotto\/menaboh-x-thisisbibo\/","url":"https:\/\/www.menaboh.com\/prodotto\/menaboh-x-thisisbibo\/","name":"Menab\u00f2h x bibo - Menaboh","isPartOf":{"@id":"https:\/\/www.menaboh.com\/#website"},"primaryImageOfPage":{"@id":"https:\/\/www.menaboh.com\/prodotto\/menaboh-x-thisisbibo\/#primaryimage"},"image":{"@id":"https:\/\/www.menaboh.com\/prodotto\/menaboh-x-thisisbibo\/#primaryimage"},"thumbnailUrl":"https:\/\/www.menaboh.com\/wp-content\/uploads\/2025\/03\/1-6.png","datePublished":"2025-03-14T08:48:37+00:00","dateModified":"2025-04-14T09:34:28+00:00","breadcrumb":{"@id":"https:\/\/www.menaboh.com\/prodotto\/menaboh-x-thisisbibo\/#breadcrumb"},"inLanguage":"en-GB","potentialAction":[{"@type":"ReadAction","target":["https:\/\/www.menaboh.com\/prodotto\/menaboh-x-thisisbibo\/"]}]},{"@type":"ImageObject","inLanguage":"en-GB","@id":"https:\/\/www.menaboh.com\/prodotto\/menaboh-x-thisisbibo\/#primaryimage","url":"https:\/\/www.menaboh.com\/wp-content\/uploads\/2025\/03\/1-6.png","contentUrl":"https:\/\/www.menaboh.com\/wp-content\/uploads\/2025\/03\/1-6.png","width":1080,"height":1350},{"@type":"BreadcrumbList","@id":"https:\/\/www.menaboh.com\/prodotto\/menaboh-x-thisisbibo\/#breadcrumb","itemListElement":[{"@type":"ListItem","position":1,"name":"Home","item":"https:\/\/www.menaboh.com\/"},{"@type":"ListItem","position":2,"name":"Prodotti","item":"https:\/\/www.menaboh.com\/negozio\/"},{"@type":"ListItem","position":3,"name":"Menab\u00f2h x bibo"}]},{"@type":"WebSite","@id":"https:\/\/www.menaboh.com\/#website","url":"https:\/\/www.menaboh.com\/","name":"Menaboh","description":"","potentialAction":[{"@type":"SearchAction","target":{"@type":"EntryPoint","urlTemplate":"https:\/\/www.menaboh.com\/?s={search_term_string}"},"query-input":{"@type":"PropertyValueSpecification","valueRequired":true,"valueName":"search_term_string"}}],"inLanguage":"en-GB"}]}},"_links":{"self":[{"href":"https:\/\/www.menaboh.com\/en\/wp-json\/wp\/v2\/product\/1631","targetHints":{"allow":["GET"]}}],"collection":[{"href":"https:\/\/www.menaboh.com\/en\/wp-json\/wp\/v2\/product"}],"about":[{"href":"https:\/\/www.menaboh.com\/en\/wp-json\/wp\/v2\/types\/product"}],"wp:featuredmedia":[{"embeddable":true,"href":"https:\/\/www.menaboh.com\/en\/wp-json\/wp\/v2\/media\/2040"}],"wp:attachment":[{"href":"https:\/\/www.menaboh.com\/en\/wp-json\/wp\/v2\/media?parent=1631"}],"wp:term":[{"taxonomy":"product_brand","embeddable":true,"href":"https:\/\/www.menaboh.com\/en\/wp-json\/wp\/v2\/product_brand?post=1631"},{"taxonomy":"product_cat","embeddable":true,"href":"https:\/\/www.menaboh.com\/en\/wp-json\/wp\/v2\/product_cat?post=1631"},{"taxonomy":"product_tag","embeddable":true,"href":"https:\/\/www.menaboh.com\/en\/wp-json\/wp\/v2\/product_tag?post=1631"},{"taxonomy":"giftcard-category","embeddable":true,"href":"https:\/\/www.menaboh.com\/en\/wp-json\/wp\/v2\/giftcard-category?post=1631"}],"curies":[{"name":"wp","href":"https:\/\/api.w.org\/{rel}","templated":true}]}}