{"id":2094,"date":"2025-04-22T11:00:14","date_gmt":"2025-04-22T09:00:14","guid":{"rendered":"https:\/\/www.menaboh.com\/?post_type=product&#038;p=2094"},"modified":"2025-04-22T16:01:17","modified_gmt":"2025-04-22T14:01:17","slug":"vestito-x-veronica-proposta2","status":"publish","type":"product","link":"https:\/\/www.menaboh.com\/en\/product-2\/vestito-x-veronica-proposta2\/","title":{"rendered":"Vestito X Veronica Proposta#2"},"content":{"rendered":"<p>Il capo verr\u00e0 sagomato sui fianchi per una silhouette pi\u00f9 avvitata. Saranno inseriti spacchi laterali, la cui profondit\u00e0 verr\u00e0 definita con la cliente. Lo scollo sar\u00e0 all\u2019americana, con spalline sottili ricavate dal tessuto rimosso e arricchite da dettagli metallici rotondi. La parte superiore del corpetto presenter\u00e0 un\u2019arricciatura con cuciture che richiamano l\u2019effetto corsetto. Sul retro verr\u00e0 inserito un elastico per garantire una buona aderenza, anche con il reggiseno.<\/p>","protected":false},"excerpt":{"rendered":"<p>Il capo verr\u00e0 sagomato sui fianchi per una silhouette pi\u00f9 avvitata. Saranno inseriti spacchi laterali, la cui profondit\u00e0 verr\u00e0 definita con la cliente. Lo scollo sar\u00e0 all\u2019americana, con spalline sottili ricavate dal tessuto rimosso e arricchite da dettagli metallici rotondi. La parte superiore del corpetto presenter\u00e0 un\u2019arricciatura con cuciture che richiamano l\u2019effetto corsetto. Sul retro&hellip; <a class=\"more-link\" href=\"https:\/\/www.menaboh.com\/en\/product-2\/vestito-x-veronica-proposta2\/\">Continue reading <span class=\"screen-reader-text\">Vestito X Veronica Proposta#2<\/span><\/a><\/p>","protected":false},"featured_media":2097,"template":"","meta":{"_acf_changed":false},"product_brand":[],"product_cat":[15],"product_tag":[],"giftcard-category":[],"class_list":{"0":"post-2094","1":"product","2":"type-product","3":"status-publish","4":"has-post-thumbnail","6":"product_cat-senza-categoria","7":"entry","9":"first","10":"instock","11":"taxable","12":"shipping-taxable","13":"purchasable","14":"product-type-simple"},"acf":[],"yoast_head":"<!-- This site is optimized with the Yoast SEO plugin v27.5 - https:\/\/yoast.com\/product\/yoast-seo-wordpress\/ -->\n<title>Vestito X Veronica Proposta#2 - Menaboh<\/title>\n<meta name=\"robots\" content=\"index, follow, max-snippet:-1, max-image-preview:large, max-video-preview:-1\" \/>\n<link rel=\"canonical\" href=\"https:\/\/www.menaboh.com\/en\/product-2\/vestito-x-veronica-proposta2\/\" \/>\n<meta property=\"og:locale\" content=\"en_GB\" \/>\n<meta property=\"og:type\" content=\"article\" \/>\n<meta property=\"og:title\" content=\"Vestito X Veronica Proposta#2 - Menaboh\" \/>\n<meta property=\"og:description\" content=\"Il capo verr\u00e0 sagomato sui fianchi per una silhouette pi\u00f9 avvitata. Saranno inseriti spacchi laterali, la cui profondit\u00e0 verr\u00e0 definita con la cliente. Lo scollo sar\u00e0 all\u2019americana, con spalline sottili ricavate dal tessuto rimosso e arricchite da dettagli metallici rotondi. La parte superiore del corpetto presenter\u00e0 un\u2019arricciatura con cuciture che richiamano l\u2019effetto corsetto. Sul retro&hellip; Continue reading Vestito X Veronica Proposta#2\" \/>\n<meta property=\"og:url\" content=\"https:\/\/www.menaboh.com\/en\/product-2\/vestito-x-veronica-proposta2\/\" \/>\n<meta property=\"og:site_name\" content=\"Menaboh\" \/>\n<meta property=\"article:modified_time\" content=\"2025-04-22T14:01:17+00:00\" \/>\n<meta property=\"og:image\" content=\"https:\/\/www.menaboh.com\/wp-content\/uploads\/2025\/04\/2-3.png\" \/>\n\t<meta property=\"og:image:width\" content=\"2000\" \/>\n\t<meta property=\"og:image:height\" content=\"1414\" \/>\n\t<meta property=\"og:image:type\" content=\"image\/png\" \/>\n<meta name=\"twitter:card\" content=\"summary_large_image\" \/>\n<meta name=\"twitter:label1\" content=\"Estimated reading time\" \/>\n\t<meta name=\"twitter:data1\" content=\"1 minute\" \/>\n<script type=\"application\/ld+json\" class=\"yoast-schema-graph\">{\"@context\":\"https:\\\/\\\/schema.org\",\"@graph\":[{\"@type\":\"WebPage\",\"@id\":\"https:\\\/\\\/www.menaboh.com\\\/prodotto\\\/vestito-x-veronica-proposta2\\\/\",\"url\":\"https:\\\/\\\/www.menaboh.com\\\/prodotto\\\/vestito-x-veronica-proposta2\\\/\",\"name\":\"Vestito X Veronica Proposta#2 - Menaboh\",\"isPartOf\":{\"@id\":\"https:\\\/\\\/www.menaboh.com\\\/#website\"},\"primaryImageOfPage\":{\"@id\":\"https:\\\/\\\/www.menaboh.com\\\/prodotto\\\/vestito-x-veronica-proposta2\\\/#primaryimage\"},\"image\":{\"@id\":\"https:\\\/\\\/www.menaboh.com\\\/prodotto\\\/vestito-x-veronica-proposta2\\\/#primaryimage\"},\"thumbnailUrl\":\"https:\\\/\\\/www.menaboh.com\\\/wp-content\\\/uploads\\\/2025\\\/04\\\/2-3.png\",\"datePublished\":\"2025-04-22T09:00:14+00:00\",\"dateModified\":\"2025-04-22T14:01:17+00:00\",\"breadcrumb\":{\"@id\":\"https:\\\/\\\/www.menaboh.com\\\/prodotto\\\/vestito-x-veronica-proposta2\\\/#breadcrumb\"},\"inLanguage\":\"en-GB\",\"potentialAction\":[{\"@type\":\"ReadAction\",\"target\":[\"https:\\\/\\\/www.menaboh.com\\\/prodotto\\\/vestito-x-veronica-proposta2\\\/\"]}]},{\"@type\":\"ImageObject\",\"inLanguage\":\"en-GB\",\"@id\":\"https:\\\/\\\/www.menaboh.com\\\/prodotto\\\/vestito-x-veronica-proposta2\\\/#primaryimage\",\"url\":\"https:\\\/\\\/www.menaboh.com\\\/wp-content\\\/uploads\\\/2025\\\/04\\\/2-3.png\",\"contentUrl\":\"https:\\\/\\\/www.menaboh.com\\\/wp-content\\\/uploads\\\/2025\\\/04\\\/2-3.png\",\"width\":2000,\"height\":1414},{\"@type\":\"BreadcrumbList\",\"@id\":\"https:\\\/\\\/www.menaboh.com\\\/prodotto\\\/vestito-x-veronica-proposta2\\\/#breadcrumb\",\"itemListElement\":[{\"@type\":\"ListItem\",\"position\":1,\"name\":\"Home\",\"item\":\"https:\\\/\\\/www.menaboh.com\\\/\"},{\"@type\":\"ListItem\",\"position\":2,\"name\":\"Prodotti\",\"item\":\"https:\\\/\\\/www.menaboh.com\\\/negozio\\\/\"},{\"@type\":\"ListItem\",\"position\":3,\"name\":\"Vestito X Veronica Proposta#2\"}]},{\"@type\":\"WebSite\",\"@id\":\"https:\\\/\\\/www.menaboh.com\\\/#website\",\"url\":\"https:\\\/\\\/www.menaboh.com\\\/\",\"name\":\"Menaboh\",\"description\":\"\",\"potentialAction\":[{\"@type\":\"SearchAction\",\"target\":{\"@type\":\"EntryPoint\",\"urlTemplate\":\"https:\\\/\\\/www.menaboh.com\\\/?s={search_term_string}\"},\"query-input\":{\"@type\":\"PropertyValueSpecification\",\"valueRequired\":true,\"valueName\":\"search_term_string\"}}],\"inLanguage\":\"en-GB\"}]}<\/script>\n<!-- \/ Yoast SEO plugin. -->","yoast_head_json":{"title":"Vestito X Veronica Proposta#2 - Menaboh","robots":{"index":"index","follow":"follow","max-snippet":"max-snippet:-1","max-image-preview":"max-image-preview:large","max-video-preview":"max-video-preview:-1"},"canonical":"https:\/\/www.menaboh.com\/en\/product-2\/vestito-x-veronica-proposta2\/","og_locale":"en_GB","og_type":"article","og_title":"Vestito X Veronica Proposta#2 - Menaboh","og_description":"Il capo verr\u00e0 sagomato sui fianchi per una silhouette pi\u00f9 avvitata. Saranno inseriti spacchi laterali, la cui profondit\u00e0 verr\u00e0 definita con la cliente. Lo scollo sar\u00e0 all\u2019americana, con spalline sottili ricavate dal tessuto rimosso e arricchite da dettagli metallici rotondi. La parte superiore del corpetto presenter\u00e0 un\u2019arricciatura con cuciture che richiamano l\u2019effetto corsetto. Sul retro&hellip; Continue reading Vestito X Veronica Proposta#2","og_url":"https:\/\/www.menaboh.com\/en\/product-2\/vestito-x-veronica-proposta2\/","og_site_name":"Menaboh","article_modified_time":"2025-04-22T14:01:17+00:00","og_image":[{"width":2000,"height":1414,"url":"https:\/\/www.menaboh.com\/wp-content\/uploads\/2025\/04\/2-3.png","type":"image\/png"}],"twitter_card":"summary_large_image","twitter_misc":{"Estimated reading time":"1 minute"},"schema":{"@context":"https:\/\/schema.org","@graph":[{"@type":"WebPage","@id":"https:\/\/www.menaboh.com\/prodotto\/vestito-x-veronica-proposta2\/","url":"https:\/\/www.menaboh.com\/prodotto\/vestito-x-veronica-proposta2\/","name":"Vestito X Veronica Proposta#2 - Menaboh","isPartOf":{"@id":"https:\/\/www.menaboh.com\/#website"},"primaryImageOfPage":{"@id":"https:\/\/www.menaboh.com\/prodotto\/vestito-x-veronica-proposta2\/#primaryimage"},"image":{"@id":"https:\/\/www.menaboh.com\/prodotto\/vestito-x-veronica-proposta2\/#primaryimage"},"thumbnailUrl":"https:\/\/www.menaboh.com\/wp-content\/uploads\/2025\/04\/2-3.png","datePublished":"2025-04-22T09:00:14+00:00","dateModified":"2025-04-22T14:01:17+00:00","breadcrumb":{"@id":"https:\/\/www.menaboh.com\/prodotto\/vestito-x-veronica-proposta2\/#breadcrumb"},"inLanguage":"en-GB","potentialAction":[{"@type":"ReadAction","target":["https:\/\/www.menaboh.com\/prodotto\/vestito-x-veronica-proposta2\/"]}]},{"@type":"ImageObject","inLanguage":"en-GB","@id":"https:\/\/www.menaboh.com\/prodotto\/vestito-x-veronica-proposta2\/#primaryimage","url":"https:\/\/www.menaboh.com\/wp-content\/uploads\/2025\/04\/2-3.png","contentUrl":"https:\/\/www.menaboh.com\/wp-content\/uploads\/2025\/04\/2-3.png","width":2000,"height":1414},{"@type":"BreadcrumbList","@id":"https:\/\/www.menaboh.com\/prodotto\/vestito-x-veronica-proposta2\/#breadcrumb","itemListElement":[{"@type":"ListItem","position":1,"name":"Home","item":"https:\/\/www.menaboh.com\/"},{"@type":"ListItem","position":2,"name":"Prodotti","item":"https:\/\/www.menaboh.com\/negozio\/"},{"@type":"ListItem","position":3,"name":"Vestito X Veronica Proposta#2"}]},{"@type":"WebSite","@id":"https:\/\/www.menaboh.com\/#website","url":"https:\/\/www.menaboh.com\/","name":"Menaboh","description":"","potentialAction":[{"@type":"SearchAction","target":{"@type":"EntryPoint","urlTemplate":"https:\/\/www.menaboh.com\/?s={search_term_string}"},"query-input":{"@type":"PropertyValueSpecification","valueRequired":true,"valueName":"search_term_string"}}],"inLanguage":"en-GB"}]}},"_links":{"self":[{"href":"https:\/\/www.menaboh.com\/en\/wp-json\/wp\/v2\/product\/2094","targetHints":{"allow":["GET"]}}],"collection":[{"href":"https:\/\/www.menaboh.com\/en\/wp-json\/wp\/v2\/product"}],"about":[{"href":"https:\/\/www.menaboh.com\/en\/wp-json\/wp\/v2\/types\/product"}],"wp:featuredmedia":[{"embeddable":true,"href":"https:\/\/www.menaboh.com\/en\/wp-json\/wp\/v2\/media\/2097"}],"wp:attachment":[{"href":"https:\/\/www.menaboh.com\/en\/wp-json\/wp\/v2\/media?parent=2094"}],"wp:term":[{"taxonomy":"product_brand","embeddable":true,"href":"https:\/\/www.menaboh.com\/en\/wp-json\/wp\/v2\/product_brand?post=2094"},{"taxonomy":"product_cat","embeddable":true,"href":"https:\/\/www.menaboh.com\/en\/wp-json\/wp\/v2\/product_cat?post=2094"},{"taxonomy":"product_tag","embeddable":true,"href":"https:\/\/www.menaboh.com\/en\/wp-json\/wp\/v2\/product_tag?post=2094"},{"taxonomy":"giftcard-category","embeddable":true,"href":"https:\/\/www.menaboh.com\/en\/wp-json\/wp\/v2\/giftcard-category?post=2094"}],"curies":[{"name":"wp","href":"https:\/\/api.w.org\/{rel}","templated":true}]}}