{"id":2411,"date":"2025-09-15T18:10:26","date_gmt":"2025-09-15T16:10:26","guid":{"rendered":"https:\/\/www.menaboh.com\/?post_type=product&#038;p=2411"},"modified":"2025-09-16T15:49:00","modified_gmt":"2025-09-16T13:49:00","slug":"menaboh-x-milan-women-network","status":"publish","type":"product","link":"https:\/\/www.menaboh.com\/en\/product-2\/menaboh-x-milan-women-network\/","title":{"rendered":"Menab\u00f2h X Milan Women Network"},"content":{"rendered":"<p data-start=\"90\" data-end=\"476\" class=\"translation-block\">Join us for a special evening at <strong>Aethos Club Milan <\/strong>during Fashion Week, in collaboration with the <strong>Milan Women Network<\/strong>. This gathering will feature <strong>Menab\u00f2h<\/strong> as guest speaker, sharing the story of how it all began, where we are headed, and why we believe it is possible to reimagine the fashion industry through creativity, quality, attention to detail, and authenticity.<\/p>\n<p data-start=\"478\" data-end=\"703\">The event will bring together inspiring international and entrepreneurial women, all members of the Milan Women Network, to exchange ideas, discover new perspectives, and connect over shared values of creativity, purpose, and innovation.<\/p>\n<p data-start=\"705\" data-end=\"897\">Expect an engaging conversation, curated networking, and the chance to connect directly with a community that shapes the cultural and social heartbeat of Milan.<\/p>\n<p><!-- notionvc: 2e9d8244-f128-40f5-b6dc-ff79e3913925 --><\/p>","protected":false},"excerpt":{"rendered":"<p>Unisciti a noi per una serata speciale all\u2019Aethos Club di Milano durante la Fashion Week, in collaborazione con il Milan Women Network. L\u2019incontro vedr\u00e0 Menab\u00f2h come guest speaker: racconteremo come tutto \u00e8 iniziato, dove stiamo andando e perch\u00e9 crediamo sia possibile ripensare l\u2019industria della moda attraverso creativit\u00e0, qualit\u00e0, attenzione al dettaglio e autenticit\u00e0. L\u2019evento riunir\u00e0&hellip; <a class=\"more-link\" href=\"https:\/\/www.menaboh.com\/en\/product-2\/menaboh-x-milan-women-network\/\">Continue reading <span class=\"screen-reader-text\">Menab\u00f2h X Milan Women Network<\/span><\/a><\/p>","protected":false},"featured_media":2413,"template":"","meta":{"_acf_changed":false},"product_brand":[],"product_cat":[48],"product_tag":[],"giftcard-category":[],"class_list":{"0":"post-2411","1":"product","2":"type-product","3":"status-publish","4":"has-post-thumbnail","6":"product_cat-eventi","7":"entry","9":"first","10":"instock","11":"virtual","12":"taxable","13":"purchasable","14":"product-type-simple"},"acf":[],"yoast_head":"<!-- This site is optimized with the Yoast SEO plugin v27.4 - https:\/\/yoast.com\/product\/yoast-seo-wordpress\/ -->\n<title>Menab\u00f2h X Milan Women Network - Menaboh<\/title>\n<meta name=\"robots\" content=\"index, follow, max-snippet:-1, max-image-preview:large, max-video-preview:-1\" \/>\n<link rel=\"canonical\" href=\"https:\/\/www.menaboh.com\/en\/product-2\/menaboh-x-milan-women-network\/\" \/>\n<meta property=\"og:locale\" content=\"en_GB\" \/>\n<meta property=\"og:type\" content=\"article\" \/>\n<meta property=\"og:title\" content=\"Menab\u00f2h X Milan Women Network - Menaboh\" \/>\n<meta property=\"og:description\" content=\"Unisciti a noi per una serata speciale all\u2019Aethos Club di Milano durante la Fashion Week, in collaborazione con il Milan Women Network. L\u2019incontro vedr\u00e0 Menab\u00f2h come guest speaker: racconteremo come tutto \u00e8 iniziato, dove stiamo andando e perch\u00e9 crediamo sia possibile ripensare l\u2019industria della moda attraverso creativit\u00e0, qualit\u00e0, attenzione al dettaglio e autenticit\u00e0. L\u2019evento riunir\u00e0&hellip; Continue reading Menab\u00f2h X Milan Women Network\" \/>\n<meta property=\"og:url\" content=\"https:\/\/www.menaboh.com\/en\/product-2\/menaboh-x-milan-women-network\/\" \/>\n<meta property=\"og:site_name\" content=\"Menaboh\" \/>\n<meta property=\"article:modified_time\" content=\"2025-09-16T13:49:00+00:00\" \/>\n<meta property=\"og:image\" content=\"https:\/\/www.menaboh.com\/wp-content\/uploads\/2025\/09\/01.jpg\" \/>\n\t<meta property=\"og:image:width\" content=\"1918\" \/>\n\t<meta property=\"og:image:height\" content=\"2398\" \/>\n\t<meta property=\"og:image:type\" content=\"image\/jpeg\" \/>\n<meta name=\"twitter:card\" content=\"summary_large_image\" \/>\n<meta name=\"twitter:label1\" content=\"Estimated reading time\" \/>\n\t<meta name=\"twitter:data1\" content=\"1 minute\" \/>\n<script type=\"application\/ld+json\" class=\"yoast-schema-graph\">{\"@context\":\"https:\\\/\\\/schema.org\",\"@graph\":[{\"@type\":\"WebPage\",\"@id\":\"https:\\\/\\\/www.menaboh.com\\\/prodotto\\\/menaboh-x-milan-women-network\\\/\",\"url\":\"https:\\\/\\\/www.menaboh.com\\\/prodotto\\\/menaboh-x-milan-women-network\\\/\",\"name\":\"Menab\u00f2h X Milan Women Network - Menaboh\",\"isPartOf\":{\"@id\":\"https:\\\/\\\/www.menaboh.com\\\/#website\"},\"primaryImageOfPage\":{\"@id\":\"https:\\\/\\\/www.menaboh.com\\\/prodotto\\\/menaboh-x-milan-women-network\\\/#primaryimage\"},\"image\":{\"@id\":\"https:\\\/\\\/www.menaboh.com\\\/prodotto\\\/menaboh-x-milan-women-network\\\/#primaryimage\"},\"thumbnailUrl\":\"https:\\\/\\\/www.menaboh.com\\\/wp-content\\\/uploads\\\/2025\\\/09\\\/01.jpg\",\"datePublished\":\"2025-09-15T16:10:26+00:00\",\"dateModified\":\"2025-09-16T13:49:00+00:00\",\"breadcrumb\":{\"@id\":\"https:\\\/\\\/www.menaboh.com\\\/prodotto\\\/menaboh-x-milan-women-network\\\/#breadcrumb\"},\"inLanguage\":\"en-GB\",\"potentialAction\":[{\"@type\":\"ReadAction\",\"target\":[\"https:\\\/\\\/www.menaboh.com\\\/prodotto\\\/menaboh-x-milan-women-network\\\/\"]}]},{\"@type\":\"ImageObject\",\"inLanguage\":\"en-GB\",\"@id\":\"https:\\\/\\\/www.menaboh.com\\\/prodotto\\\/menaboh-x-milan-women-network\\\/#primaryimage\",\"url\":\"https:\\\/\\\/www.menaboh.com\\\/wp-content\\\/uploads\\\/2025\\\/09\\\/01.jpg\",\"contentUrl\":\"https:\\\/\\\/www.menaboh.com\\\/wp-content\\\/uploads\\\/2025\\\/09\\\/01.jpg\",\"width\":1918,\"height\":2398},{\"@type\":\"BreadcrumbList\",\"@id\":\"https:\\\/\\\/www.menaboh.com\\\/prodotto\\\/menaboh-x-milan-women-network\\\/#breadcrumb\",\"itemListElement\":[{\"@type\":\"ListItem\",\"position\":1,\"name\":\"Home\",\"item\":\"https:\\\/\\\/www.menaboh.com\\\/\"},{\"@type\":\"ListItem\",\"position\":2,\"name\":\"Prodotti\",\"item\":\"https:\\\/\\\/www.menaboh.com\\\/negozio\\\/\"},{\"@type\":\"ListItem\",\"position\":3,\"name\":\"Menab\u00f2h X Milan Women Network\"}]},{\"@type\":\"WebSite\",\"@id\":\"https:\\\/\\\/www.menaboh.com\\\/#website\",\"url\":\"https:\\\/\\\/www.menaboh.com\\\/\",\"name\":\"Menaboh\",\"description\":\"\",\"potentialAction\":[{\"@type\":\"SearchAction\",\"target\":{\"@type\":\"EntryPoint\",\"urlTemplate\":\"https:\\\/\\\/www.menaboh.com\\\/?s={search_term_string}\"},\"query-input\":{\"@type\":\"PropertyValueSpecification\",\"valueRequired\":true,\"valueName\":\"search_term_string\"}}],\"inLanguage\":\"en-GB\"}]}<\/script>\n<!-- \/ Yoast SEO plugin. -->","yoast_head_json":{"title":"Menab\u00f2h X Milan Women Network - Menaboh","robots":{"index":"index","follow":"follow","max-snippet":"max-snippet:-1","max-image-preview":"max-image-preview:large","max-video-preview":"max-video-preview:-1"},"canonical":"https:\/\/www.menaboh.com\/en\/product-2\/menaboh-x-milan-women-network\/","og_locale":"en_GB","og_type":"article","og_title":"Menab\u00f2h X Milan Women Network - Menaboh","og_description":"Unisciti a noi per una serata speciale all\u2019Aethos Club di Milano durante la Fashion Week, in collaborazione con il Milan Women Network. L\u2019incontro vedr\u00e0 Menab\u00f2h come guest speaker: racconteremo come tutto \u00e8 iniziato, dove stiamo andando e perch\u00e9 crediamo sia possibile ripensare l\u2019industria della moda attraverso creativit\u00e0, qualit\u00e0, attenzione al dettaglio e autenticit\u00e0. L\u2019evento riunir\u00e0&hellip; Continue reading Menab\u00f2h X Milan Women Network","og_url":"https:\/\/www.menaboh.com\/en\/product-2\/menaboh-x-milan-women-network\/","og_site_name":"Menaboh","article_modified_time":"2025-09-16T13:49:00+00:00","og_image":[{"width":1918,"height":2398,"url":"https:\/\/www.menaboh.com\/wp-content\/uploads\/2025\/09\/01.jpg","type":"image\/jpeg"}],"twitter_card":"summary_large_image","twitter_misc":{"Estimated reading time":"1 minute"},"schema":{"@context":"https:\/\/schema.org","@graph":[{"@type":"WebPage","@id":"https:\/\/www.menaboh.com\/prodotto\/menaboh-x-milan-women-network\/","url":"https:\/\/www.menaboh.com\/prodotto\/menaboh-x-milan-women-network\/","name":"Menab\u00f2h X Milan Women Network - Menaboh","isPartOf":{"@id":"https:\/\/www.menaboh.com\/#website"},"primaryImageOfPage":{"@id":"https:\/\/www.menaboh.com\/prodotto\/menaboh-x-milan-women-network\/#primaryimage"},"image":{"@id":"https:\/\/www.menaboh.com\/prodotto\/menaboh-x-milan-women-network\/#primaryimage"},"thumbnailUrl":"https:\/\/www.menaboh.com\/wp-content\/uploads\/2025\/09\/01.jpg","datePublished":"2025-09-15T16:10:26+00:00","dateModified":"2025-09-16T13:49:00+00:00","breadcrumb":{"@id":"https:\/\/www.menaboh.com\/prodotto\/menaboh-x-milan-women-network\/#breadcrumb"},"inLanguage":"en-GB","potentialAction":[{"@type":"ReadAction","target":["https:\/\/www.menaboh.com\/prodotto\/menaboh-x-milan-women-network\/"]}]},{"@type":"ImageObject","inLanguage":"en-GB","@id":"https:\/\/www.menaboh.com\/prodotto\/menaboh-x-milan-women-network\/#primaryimage","url":"https:\/\/www.menaboh.com\/wp-content\/uploads\/2025\/09\/01.jpg","contentUrl":"https:\/\/www.menaboh.com\/wp-content\/uploads\/2025\/09\/01.jpg","width":1918,"height":2398},{"@type":"BreadcrumbList","@id":"https:\/\/www.menaboh.com\/prodotto\/menaboh-x-milan-women-network\/#breadcrumb","itemListElement":[{"@type":"ListItem","position":1,"name":"Home","item":"https:\/\/www.menaboh.com\/"},{"@type":"ListItem","position":2,"name":"Prodotti","item":"https:\/\/www.menaboh.com\/negozio\/"},{"@type":"ListItem","position":3,"name":"Menab\u00f2h X Milan Women Network"}]},{"@type":"WebSite","@id":"https:\/\/www.menaboh.com\/#website","url":"https:\/\/www.menaboh.com\/","name":"Menaboh","description":"","potentialAction":[{"@type":"SearchAction","target":{"@type":"EntryPoint","urlTemplate":"https:\/\/www.menaboh.com\/?s={search_term_string}"},"query-input":{"@type":"PropertyValueSpecification","valueRequired":true,"valueName":"search_term_string"}}],"inLanguage":"en-GB"}]}},"_links":{"self":[{"href":"https:\/\/www.menaboh.com\/en\/wp-json\/wp\/v2\/product\/2411","targetHints":{"allow":["GET"]}}],"collection":[{"href":"https:\/\/www.menaboh.com\/en\/wp-json\/wp\/v2\/product"}],"about":[{"href":"https:\/\/www.menaboh.com\/en\/wp-json\/wp\/v2\/types\/product"}],"wp:featuredmedia":[{"embeddable":true,"href":"https:\/\/www.menaboh.com\/en\/wp-json\/wp\/v2\/media\/2413"}],"wp:attachment":[{"href":"https:\/\/www.menaboh.com\/en\/wp-json\/wp\/v2\/media?parent=2411"}],"wp:term":[{"taxonomy":"product_brand","embeddable":true,"href":"https:\/\/www.menaboh.com\/en\/wp-json\/wp\/v2\/product_brand?post=2411"},{"taxonomy":"product_cat","embeddable":true,"href":"https:\/\/www.menaboh.com\/en\/wp-json\/wp\/v2\/product_cat?post=2411"},{"taxonomy":"product_tag","embeddable":true,"href":"https:\/\/www.menaboh.com\/en\/wp-json\/wp\/v2\/product_tag?post=2411"},{"taxonomy":"giftcard-category","embeddable":true,"href":"https:\/\/www.menaboh.com\/en\/wp-json\/wp\/v2\/giftcard-category?post=2411"}],"curies":[{"name":"wp","href":"https:\/\/api.w.org\/{rel}","templated":true}]}}